{"id":546,"date":"2025-09-10T08:52:28","date_gmt":"2025-09-10T06:52:28","guid":{"rendered":"https:\/\/dev.sehen-und-handeln.berta-bewegt.ch\/startseite\/"},"modified":"2025-11-03T12:14:41","modified_gmt":"2025-11-03T11:14:41","slug":"startseite","status":"publish","type":"page","link":"https:\/\/dev.sehen-und-handeln.berta-bewegt.ch\/fr\/","title":{"rendered":"Startseite"},"content":{"rendered":"\n    <section class=\"intro-text-block section-block\" id=\"\">\n        <div class=\"title-wrapper\">\n                            <h2 class=\"text-black like-h1\">Wer Saatgut hat, kann Zukunft s\u00e4en.<\/h2>\n            \n                                                <div class=\"text-block-lead\">\n                        <p>Je gr\u00f6sser die Vielfalt an Saatgut und Lebensmitteln, desto reichhaltiger und ges\u00fcnder die Ern\u00e4hrung. Doch diese Vielfalt wird nicht zuletzt durch die grossen internationalen Agrarkonzerne zunehmend bedroht. Dies gef\u00e4hrdet die Ern\u00e4hrungssicherheit von Millionen Menschen im Globalen S\u00fcden. Die \u00d6kumenische Kampagne setzt sich dieses Jahr insbesondere f\u00fcr das Recht auf lokales Saatgut ein \u2013 eine zentrale Grundlage f\u00fcr eine hoffnungsvolle Zukunft.<\/p>\n                    <\/div>\n                                    <\/div>\n\n                    <div class=\"links-wrapper\">\n                                    <a href=\"https:\/\/dev.sehen-und-handeln.berta-bewegt.ch\/was-wir-tun\/\" class=\"primary-button\">Mehr erfahren<\/a>\n                \n                            <\/div>\n            <\/section>\n\n\n\n\n\n\n    <section class=\"text-slider-block section-block\" id=\"\">\n        <div class=\"title-wrapper\">\n                            <h2 class=\"text-black\">Materialien  <span><\/span><\/h2>\n                    <\/div>\n\n        <div class=\"content-cols\">\n            <div class=\"text-part\">\n                                    <div class=\"text-block-simple\">\n                        <h2>Die \u00d6kumenische Kampagne in Pfarreien, Kirchgemeinden und im Unterricht.<\/h2>\n<p>Hier finden Sie alle vollst\u00e4ndigen Ressourcen und zus\u00e4tzlichen Informationen f\u00fcr die praktische Umsetzung der Kampagne. Tragen Sie unsere Kampagne mit einer Aktion in die \u00d6ffentlichkeit. Auf dieser Seite finden Sie die Anmeldeformulare, Plakate und weitere Materialien.<\/p>\n                    <\/div>\n                \n                                    <div class=\"links-wrapper\">\n                                                    <a href=\"https:\/\/dev.sehen-und-handeln.berta-bewegt.ch\/materialien\/\" class=\"primary-button-border\" >zu den Materialien<\/a>\n                        \n                                            <\/div>\n                            <\/div>\n\n            <div class=\"image-part\">\n                                    <div class=\"text-images-slider\">\n                                                                                    <div class=\"text-image-wrapper\" style=\"background-image: url('https:\/\/dev.sehen-und-handeln.berta-bewegt.ch\/wp-content\/uploads\/2025\/10\/Newsletter-Aktionstag-Headerbild.png')\"><\/div>\n                                                                                                                <div class=\"text-image-wrapper\" style=\"background-image: url('https:\/\/dev.sehen-und-handeln.berta-bewegt.ch\/wp-content\/uploads\/2025\/09\/Rosenaktion_2015_4-1024x684.jpg')\"><\/div>\n                                                                                                                                                                    <div class=\"text-image-wrapper\" style=\"background-image: url('https:\/\/dev.sehen-und-handeln.berta-bewegt.ch\/wp-content\/uploads\/2025\/10\/Jumi_Tut-1500x988.png')\"><\/div>\n                                                                                                                            <\/div>\n                            <\/div>\n        <\/div>\n    <\/section>\n\n\n\n\n\n\n\n\n            <section class=\"text-blue-bg-block\" id=\"\">\n            <div class=\"bg-block\"><\/div>\n\n            \n            <div class=\"text-blue-bg-content-wrapper\">\n                <div class=\"text-blue-wrapper\">\n                    <p>Jetzt kostenlos abonnieren und t\u00e4glich neue Impulse f\u00fcr die Fastenzeit erhalten. Am 18. Februar 2026 geht\u2019s los!<\/p>\n                <\/div>\n\n                                    <div class=\"link-wrapper\">\n                        <a href=\"https:\/\/dev.sehen-und-handeln.berta-bewegt.ch\/fastenkalender-abonnieren\/\"  class=\"secondary-button\">Fastenkalender abonnieren<\/a>\n                    <\/div>\n                            <\/div>\n        <\/section>\n    \n\n\n\n\n\n\n    \n\n\n\n\n\n\n    <section class=\"spenden-widget-block\" id=\"\">\n        <div class=\"bg-block\"><\/div>\n\n        <div class=\"spenden-widget-content-block\">\n            <div class=\"spenden-widget-wrapper spenden-gb-block\">\n            <div class=\"title-wrapper\">\n                            <h2 class=\" text-white \">Helfen Sie uns, das Recht auf Nahrung zu sichern?<\/h2>\n            \n                            <p class=\"text-white mb_0\">W\u00e4hlen Sie hier den Betrag, den Sie spenden m\u00f6chten. Wir danken Ihnen herzlich f\u00fcr Ihre Unterst\u00fctzung. <\/p>\n            \n            <div class=\"spenden-custom-for-main-title-divider\"><\/div>\n        <\/div>\n    \n    <div class=\"spenden-custom-form spenden-gb-block\">\n        <div class=\"amounts-block\">\n            <div class=\"amount-wrapper amount-wrapper-2-numbers amount-wrapper-disabled\">\n                <input type=\"text\" value=\"50\"><span>.-<\/span>\n            <\/div>\n\n            <div class=\"amount-wrapper amount-wrapper-2-numbers amount-wrapper-disabled\">\n                <input type=\"text\" value=\"80\"><span>.-<\/span>\n            <\/div>\n\n            <div class=\"amount-wrapper amount-wrapper-3-numbers amount-wrapper-disabled\">\n                <input type=\"text\" value=\"150\"><span>.-<\/span>\n            <\/div>\n\n            <div class=\"amount-wrapper amount-wrapper-free\">\n                <input type=\"text\" value=\"\"><span>.-<\/span>\n            <\/div>\n        <\/div>\n\n        <a href=\"#\" class=\"secondary-button open-spenden-overlay spenden-button-with-form\">Spenden<\/a>\n    <\/div>\n<\/div>\n\n        <\/div>\n    <\/section>\n\n\n\n\n\n","protected":false},"excerpt":{"rendered":"","protected":false},"author":1,"featured_media":1404,"parent":0,"menu_order":0,"comment_status":"closed","ping_status":"closed","template":"","meta":{"_acf_changed":false,"inline_featured_image":false,"footnotes":""},"class_list":["post-546","page","type-page","status-publish","has-post-thumbnail","hentry"],"acf":[],"yoast_head":"<!-- This site is optimized with the Yoast SEO plugin v27.2 - https:\/\/yoast.com\/product\/yoast-seo-wordpress\/ -->\n<title>Startseite - Sehen und Handeln<\/title>\n<meta name=\"robots\" content=\"noindex, follow, max-snippet:-1, max-image-preview:large, max-video-preview:-1\" \/>\n<meta property=\"og:locale\" content=\"fr_FR\" \/>\n<meta property=\"og:type\" content=\"article\" \/>\n<meta property=\"og:title\" content=\"Startseite - Sehen und Handeln\" \/>\n<meta property=\"og:url\" content=\"https:\/\/dev.sehen-und-handeln.berta-bewegt.ch\/fr\/\" \/>\n<meta property=\"og:site_name\" content=\"Sehen und Handeln\" \/>\n<meta property=\"article:modified_time\" content=\"2025-11-03T11:14:41+00:00\" \/>\n<meta property=\"og:image\" content=\"https:\/\/dev.sehen-und-handeln.berta-bewegt.ch\/wp-content\/uploads\/2025\/10\/Burkina-Faso-A2N-2009-Fotografin_Annette-Boutellier-028-scaled.jpg\" \/>\n\t<meta property=\"og:image:width\" content=\"2560\" \/>\n\t<meta property=\"og:image:height\" content=\"1707\" \/>\n\t<meta property=\"og:image:type\" content=\"image\/jpeg\" \/>\n<meta name=\"twitter:card\" content=\"summary_large_image\" \/>\n<script type=\"application\/ld+json\" class=\"yoast-schema-graph\">{\"@context\":\"https:\/\/schema.org\",\"@graph\":[{\"@type\":\"WebPage\",\"@id\":\"https:\/\/dev.sehen-und-handeln.berta-bewegt.ch\/fr\/\",\"url\":\"https:\/\/dev.sehen-und-handeln.berta-bewegt.ch\/fr\/\",\"name\":\"Startseite - Sehen und Handeln\",\"isPartOf\":{\"@id\":\"https:\/\/dev.sehen-und-handeln.berta-bewegt.ch\/#website\"},\"primaryImageOfPage\":{\"@id\":\"https:\/\/dev.sehen-und-handeln.berta-bewegt.ch\/fr\/#primaryimage\"},\"image\":{\"@id\":\"https:\/\/dev.sehen-und-handeln.berta-bewegt.ch\/fr\/#primaryimage\"},\"thumbnailUrl\":\"https:\/\/dev.sehen-und-handeln.berta-bewegt.ch\/wp-content\/uploads\/2025\/10\/Burkina-Faso-A2N-2009-Fotografin_Annette-Boutellier-028-scaled.jpg\",\"datePublished\":\"2025-09-10T06:52:28+00:00\",\"dateModified\":\"2025-11-03T11:14:41+00:00\",\"breadcrumb\":{\"@id\":\"https:\/\/dev.sehen-und-handeln.berta-bewegt.ch\/fr\/#breadcrumb\"},\"inLanguage\":\"fr-FR\",\"potentialAction\":[{\"@type\":\"ReadAction\",\"target\":[\"https:\/\/dev.sehen-und-handeln.berta-bewegt.ch\/fr\/\"]}]},{\"@type\":\"ImageObject\",\"inLanguage\":\"fr-FR\",\"@id\":\"https:\/\/dev.sehen-und-handeln.berta-bewegt.ch\/fr\/#primaryimage\",\"url\":\"https:\/\/dev.sehen-und-handeln.berta-bewegt.ch\/wp-content\/uploads\/2025\/10\/Burkina-Faso-A2N-2009-Fotografin_Annette-Boutellier-028-scaled.jpg\",\"contentUrl\":\"https:\/\/dev.sehen-und-handeln.berta-bewegt.ch\/wp-content\/uploads\/2025\/10\/Burkina-Faso-A2N-2009-Fotografin_Annette-Boutellier-028-scaled.jpg\",\"width\":2560,\"height\":1707,\"caption\":\"Issofou Maiga aus dem Dorf Djigo in der N\u00e4he von Dori mit seinem Getreidespeicher.\"},{\"@type\":\"BreadcrumbList\",\"@id\":\"https:\/\/dev.sehen-und-handeln.berta-bewegt.ch\/fr\/#breadcrumb\",\"itemListElement\":[{\"@type\":\"ListItem\",\"position\":1,\"name\":\"Home\",\"item\":\"https:\/\/dev.sehen-und-handeln.berta-bewegt.ch\/fr\/\"},{\"@type\":\"ListItem\",\"position\":2,\"name\":\"Startseite\"}]},{\"@type\":\"WebSite\",\"@id\":\"https:\/\/dev.sehen-und-handeln.berta-bewegt.ch\/#website\",\"url\":\"https:\/\/dev.sehen-und-handeln.berta-bewegt.ch\/\",\"name\":\"Sehen und Handeln\",\"description\":\"\",\"potentialAction\":[{\"@type\":\"SearchAction\",\"target\":{\"@type\":\"EntryPoint\",\"urlTemplate\":\"https:\/\/dev.sehen-und-handeln.berta-bewegt.ch\/?s={search_term_string}\"},\"query-input\":{\"@type\":\"PropertyValueSpecification\",\"valueRequired\":true,\"valueName\":\"search_term_string\"}}],\"inLanguage\":\"fr-FR\"}]}<\/script>\n<!-- \/ Yoast SEO plugin. -->","yoast_head_json":{"title":"Startseite - Sehen und Handeln","robots":{"index":"noindex","follow":"follow","max-snippet":"max-snippet:-1","max-image-preview":"max-image-preview:large","max-video-preview":"max-video-preview:-1"},"og_locale":"fr_FR","og_type":"article","og_title":"Startseite - Sehen und Handeln","og_url":"https:\/\/dev.sehen-und-handeln.berta-bewegt.ch\/fr\/","og_site_name":"Sehen und Handeln","article_modified_time":"2025-11-03T11:14:41+00:00","og_image":[{"width":2560,"height":1707,"url":"https:\/\/dev.sehen-und-handeln.berta-bewegt.ch\/wp-content\/uploads\/2025\/10\/Burkina-Faso-A2N-2009-Fotografin_Annette-Boutellier-028-scaled.jpg","type":"image\/jpeg"}],"twitter_card":"summary_large_image","schema":{"@context":"https:\/\/schema.org","@graph":[{"@type":"WebPage","@id":"https:\/\/dev.sehen-und-handeln.berta-bewegt.ch\/fr\/","url":"https:\/\/dev.sehen-und-handeln.berta-bewegt.ch\/fr\/","name":"Startseite - Sehen und Handeln","isPartOf":{"@id":"https:\/\/dev.sehen-und-handeln.berta-bewegt.ch\/#website"},"primaryImageOfPage":{"@id":"https:\/\/dev.sehen-und-handeln.berta-bewegt.ch\/fr\/#primaryimage"},"image":{"@id":"https:\/\/dev.sehen-und-handeln.berta-bewegt.ch\/fr\/#primaryimage"},"thumbnailUrl":"https:\/\/dev.sehen-und-handeln.berta-bewegt.ch\/wp-content\/uploads\/2025\/10\/Burkina-Faso-A2N-2009-Fotografin_Annette-Boutellier-028-scaled.jpg","datePublished":"2025-09-10T06:52:28+00:00","dateModified":"2025-11-03T11:14:41+00:00","breadcrumb":{"@id":"https:\/\/dev.sehen-und-handeln.berta-bewegt.ch\/fr\/#breadcrumb"},"inLanguage":"fr-FR","potentialAction":[{"@type":"ReadAction","target":["https:\/\/dev.sehen-und-handeln.berta-bewegt.ch\/fr\/"]}]},{"@type":"ImageObject","inLanguage":"fr-FR","@id":"https:\/\/dev.sehen-und-handeln.berta-bewegt.ch\/fr\/#primaryimage","url":"https:\/\/dev.sehen-und-handeln.berta-bewegt.ch\/wp-content\/uploads\/2025\/10\/Burkina-Faso-A2N-2009-Fotografin_Annette-Boutellier-028-scaled.jpg","contentUrl":"https:\/\/dev.sehen-und-handeln.berta-bewegt.ch\/wp-content\/uploads\/2025\/10\/Burkina-Faso-A2N-2009-Fotografin_Annette-Boutellier-028-scaled.jpg","width":2560,"height":1707,"caption":"Issofou Maiga aus dem Dorf Djigo in der N\u00e4he von Dori mit seinem Getreidespeicher."},{"@type":"BreadcrumbList","@id":"https:\/\/dev.sehen-und-handeln.berta-bewegt.ch\/fr\/#breadcrumb","itemListElement":[{"@type":"ListItem","position":1,"name":"Home","item":"https:\/\/dev.sehen-und-handeln.berta-bewegt.ch\/fr\/"},{"@type":"ListItem","position":2,"name":"Startseite"}]},{"@type":"WebSite","@id":"https:\/\/dev.sehen-und-handeln.berta-bewegt.ch\/#website","url":"https:\/\/dev.sehen-und-handeln.berta-bewegt.ch\/","name":"Sehen und Handeln","description":"","potentialAction":[{"@type":"SearchAction","target":{"@type":"EntryPoint","urlTemplate":"https:\/\/dev.sehen-und-handeln.berta-bewegt.ch\/?s={search_term_string}"},"query-input":{"@type":"PropertyValueSpecification","valueRequired":true,"valueName":"search_term_string"}}],"inLanguage":"fr-FR"}]}},"_links":{"self":[{"href":"https:\/\/dev.sehen-und-handeln.berta-bewegt.ch\/fr\/wp-json\/wp\/v2\/pages\/546","targetHints":{"allow":["GET"]}}],"collection":[{"href":"https:\/\/dev.sehen-und-handeln.berta-bewegt.ch\/fr\/wp-json\/wp\/v2\/pages"}],"about":[{"href":"https:\/\/dev.sehen-und-handeln.berta-bewegt.ch\/fr\/wp-json\/wp\/v2\/types\/page"}],"author":[{"embeddable":true,"href":"https:\/\/dev.sehen-und-handeln.berta-bewegt.ch\/fr\/wp-json\/wp\/v2\/users\/1"}],"replies":[{"embeddable":true,"href":"https:\/\/dev.sehen-und-handeln.berta-bewegt.ch\/fr\/wp-json\/wp\/v2\/comments?post=546"}],"version-history":[{"count":72,"href":"https:\/\/dev.sehen-und-handeln.berta-bewegt.ch\/fr\/wp-json\/wp\/v2\/pages\/546\/revisions"}],"predecessor-version":[{"id":1794,"href":"https:\/\/dev.sehen-und-handeln.berta-bewegt.ch\/fr\/wp-json\/wp\/v2\/pages\/546\/revisions\/1794"}],"wp:featuredmedia":[{"embeddable":true,"href":"https:\/\/dev.sehen-und-handeln.berta-bewegt.ch\/fr\/wp-json\/wp\/v2\/media\/1404"}],"wp:attachment":[{"href":"https:\/\/dev.sehen-und-handeln.berta-bewegt.ch\/fr\/wp-json\/wp\/v2\/media?parent=546"}],"curies":[{"name":"wp","href":"https:\/\/api.w.org\/{rel}","templated":true}]}}